{"id":98884,"date":"2026-02-10T09:35:32","date_gmt":"2026-02-10T09:35:32","guid":{"rendered":"https:\/\/casvitrescantos.com\/?page_id=98884"},"modified":"2026-02-10T09:39:51","modified_gmt":"2026-02-10T09:39:51","slug":"blog-3","status":"publish","type":"page","link":"https:\/\/casvitrescantos.com\/en\/blog-3\/","title":{"rendered":"Blog"},"content":{"rendered":"\t\t<div data-elementor-type=\"wp-page\" data-elementor-id=\"98884\" class=\"elementor elementor-98884 elementor-98883\" data-elementor-post-type=\"page\">\n\t\t\t\t<div class=\"elementor-element elementor-element-98adb43 e-con-full e-flex e-con e-parent\" data-id=\"98adb43\" data-element_type=\"container\" data-e-type=\"container\">\n\t\t\t\t<div class=\"elementor-element elementor-element-1dae7b9 elementor-widget elementor-widget-heading\" data-id=\"1dae7b9\" data-element_type=\"widget\" data-e-type=\"widget\" data-widget_type=\"heading.default\">\n\t\t\t\t<div class=\"elementor-widget-container\">\n\t\t\t\t\t<h1 class=\"elementor-heading-title elementor-size-default\">CASVI BLOG<\/h1>\t\t\t\t<\/div>\n\t\t\t\t<\/div>\n\t\t\t\t<\/div>\n\t\t\t\t<\/div>\n\t\t","protected":false},"excerpt":{"rendered":"<p>CASVI BLOG AllArtsCultureSportsLanguagesLanguage ExchangesInternational BaccalaureateGuidanceTechnologyExtracurricular Activities La orientaci\u00f3n, clave para una educaci\u00f3n integral enero 20, 2026 LEER NOTICIA COMPLETA Casvi re\u00fane a m\u00e1s de 40 instituciones en su gran Feria Universitaria enero 16, 2026 LEER NOTICIA COMPLETA La familia y la escuela: una alianza clave enero 12, 2026 LEER NOTICIA COMPLETA \u00bfC\u00f3mo se desarrolla la [&hellip;]<\/p>\n","protected":false},"author":1,"featured_media":0,"parent":0,"menu_order":0,"comment_status":"closed","ping_status":"closed","template":"","meta":{"_acf_changed":false,"site-sidebar-layout":"no-sidebar","site-content-layout":"page-builder","ast-site-content-layout":"default","site-content-style":"default","site-sidebar-style":"default","ast-global-header-display":"","ast-banner-title-visibility":"","ast-main-header-display":"","ast-hfb-above-header-display":"","ast-hfb-below-header-display":"","ast-hfb-mobile-header-display":"","site-post-title":"disabled","ast-breadcrumbs-content":"","ast-featured-img":"disabled","footer-sml-layout":"","ast-disable-related-posts":"","theme-transparent-header-meta":"","adv-header-id-meta":"","stick-header-meta":"","header-above-stick-meta":"","header-main-stick-meta":"","header-below-stick-meta":"","astra-migrate-meta-layouts":"default","ast-page-background-enabled":"default","ast-page-background-meta":{"desktop":{"background-color":"var(--ast-global-color-4)","background-image":"","background-repeat":"repeat","background-position":"center center","background-size":"auto","background-attachment":"scroll","background-type":"","background-media":"","overlay-type":"","overlay-color":"","overlay-opacity":"","overlay-gradient":""},"tablet":{"background-color":"","background-image":"","background-repeat":"repeat","background-position":"center center","background-size":"auto","background-attachment":"scroll","background-type":"","background-media":"","overlay-type":"","overlay-color":"","overlay-opacity":"","overlay-gradient":""},"mobile":{"background-color":"","background-image":"","background-repeat":"repeat","background-position":"center center","background-size":"auto","background-attachment":"scroll","background-type":"","background-media":"","overlay-type":"","overlay-color":"","overlay-opacity":"","overlay-gradient":""}},"ast-content-background-meta":{"desktop":{"background-color":"var(--ast-global-color-5)","background-image":"","background-repeat":"repeat","background-position":"center center","background-size":"auto","background-attachment":"scroll","background-type":"","background-media":"","overlay-type":"","overlay-color":"","overlay-opacity":"","overlay-gradient":""},"tablet":{"background-color":"var(--ast-global-color-5)","background-image":"","background-repeat":"repeat","background-position":"center center","background-size":"auto","background-attachment":"scroll","background-type":"","background-media":"","overlay-type":"","overlay-color":"","overlay-opacity":"","overlay-gradient":""},"mobile":{"background-color":"var(--ast-global-color-5)","background-image":"","background-repeat":"repeat","background-position":"center center","background-size":"auto","background-attachment":"scroll","background-type":"","background-media":"","overlay-type":"","overlay-color":"","overlay-opacity":"","overlay-gradient":""}},"footnotes":""},"class_list":["post-98884","page","type-page","status-publish","hentry"],"acf":[],"yoast_head":"<!-- This site is optimized with the Yoast SEO Premium plugin v20.13 (Yoast SEO v27.2) - https:\/\/yoast.com\/product\/yoast-seo-premium-wordpress\/ -->\n<title>Blog - Casvi Tres Cantos<\/title>\n<meta name=\"robots\" content=\"index, follow, max-snippet:-1, max-image-preview:large, max-video-preview:-1\" \/>\n<link rel=\"canonical\" href=\"https:\/\/casvitrescantos.com\/en\/blog-3\/\" \/>\n<meta property=\"og:locale\" content=\"en_US\" \/>\n<meta property=\"og:type\" content=\"article\" \/>\n<meta property=\"og:title\" content=\"Blog\" \/>\n<meta property=\"og:description\" content=\"CASVI BLOG AllArtsCultureSportsLanguagesLanguage ExchangesInternational BaccalaureateGuidanceTechnologyExtracurricular Activities La orientaci\u00f3n, clave para una educaci\u00f3n integral enero 20, 2026 LEER NOTICIA COMPLETA Casvi re\u00fane a m\u00e1s de 40 instituciones en su gran Feria Universitaria enero 16, 2026 LEER NOTICIA COMPLETA La familia y la escuela: una alianza clave enero 12, 2026 LEER NOTICIA COMPLETA \u00bfC\u00f3mo se desarrolla la [&hellip;]\" \/>\n<meta property=\"og:url\" content=\"https:\/\/casvitrescantos.com\/en\/blog-3\/\" \/>\n<meta property=\"og:site_name\" content=\"Casvi Tres Cantos\" \/>\n<meta property=\"og:image\" content=\"https:\/\/casvitrescantos.com\/wp-content\/uploads\/2026\/01\/IMG_0879-768x512.jpg\" \/>\n<meta name=\"twitter:card\" content=\"summary_large_image\" \/>\n<meta name=\"twitter:label1\" content=\"Est. reading time\" \/>\n\t<meta name=\"twitter:data1\" content=\"7 minutes\" \/>\n<!-- \/ Yoast SEO Premium plugin. -->","yoast_head_json":{"title":"Blog - Casvi Tres Cantos","robots":{"index":"index","follow":"follow","max-snippet":"max-snippet:-1","max-image-preview":"max-image-preview:large","max-video-preview":"max-video-preview:-1"},"canonical":"https:\/\/casvitrescantos.com\/en\/blog-3\/","og_locale":"en_US","og_type":"article","og_title":"Blog","og_description":"CASVI BLOG AllArtsCultureSportsLanguagesLanguage ExchangesInternational BaccalaureateGuidanceTechnologyExtracurricular Activities La orientaci\u00f3n, clave para una educaci\u00f3n integral enero 20, 2026 LEER NOTICIA COMPLETA Casvi re\u00fane a m\u00e1s de 40 instituciones en su gran Feria Universitaria enero 16, 2026 LEER NOTICIA COMPLETA La familia y la escuela: una alianza clave enero 12, 2026 LEER NOTICIA COMPLETA \u00bfC\u00f3mo se desarrolla la [&hellip;]","og_url":"https:\/\/casvitrescantos.com\/en\/blog-3\/","og_site_name":"Casvi Tres Cantos","og_image":[{"url":"https:\/\/casvitrescantos.com\/wp-content\/uploads\/2026\/01\/IMG_0879-768x512.jpg","type":"","width":"","height":""}],"twitter_card":"summary_large_image","twitter_misc":{"Est. reading time":"7 minutes"},"schema":{"@context":"https:\/\/schema.org","@graph":[{"@type":"WebPage","@id":"https:\/\/casvitrescantos.com\/en\/blog-3\/","url":"https:\/\/casvitrescantos.com\/en\/blog-3\/","name":"Blog - Casvi Tres Cantos","isPartOf":{"@id":"https:\/\/casvitrescantos.com\/en\/#website"},"primaryImageOfPage":{"@id":"https:\/\/casvitrescantos.com\/en\/blog-3\/#primaryimage"},"image":{"@id":"https:\/\/casvitrescantos.com\/en\/blog-3\/#primaryimage"},"thumbnailUrl":"https:\/\/casvitrescantos.com\/wp-content\/uploads\/2026\/01\/IMG_0879-768x512.jpg","datePublished":"2026-02-10T09:35:32+00:00","dateModified":"2026-02-10T09:39:51+00:00","breadcrumb":{"@id":"https:\/\/casvitrescantos.com\/en\/blog-3\/#breadcrumb"},"inLanguage":"en-US","potentialAction":[{"@type":"ReadAction","target":["https:\/\/casvitrescantos.com\/en\/blog-3\/"]}]},{"@type":"ImageObject","inLanguage":"en-US","@id":"https:\/\/casvitrescantos.com\/en\/blog-3\/#primaryimage","url":"https:\/\/casvitrescantos.com\/wp-content\/uploads\/2026\/01\/IMG_0879-768x512.jpg","contentUrl":"https:\/\/casvitrescantos.com\/wp-content\/uploads\/2026\/01\/IMG_0879-768x512.jpg"},{"@type":"BreadcrumbList","@id":"https:\/\/casvitrescantos.com\/en\/blog-3\/#breadcrumb","itemListElement":[{"@type":"ListItem","position":1,"name":"Home","item":"https:\/\/casvitrescantos.com\/en\/"},{"@type":"ListItem","position":2,"name":"Blog"}]},{"@type":"WebSite","@id":"https:\/\/casvitrescantos.com\/en\/#website","url":"https:\/\/casvitrescantos.com\/en\/","name":"Casvi Tres Cantos","description":"","potentialAction":[{"@type":"SearchAction","target":{"@type":"EntryPoint","urlTemplate":"https:\/\/casvitrescantos.com\/en\/?s={search_term_string}"},"query-input":{"@type":"PropertyValueSpecification","valueRequired":true,"valueName":"search_term_string"}}],"inLanguage":"en-US"}]}},"_links":{"self":[{"href":"https:\/\/casvitrescantos.com\/en\/wp-json\/wp\/v2\/pages\/98884","targetHints":{"allow":["GET"]}}],"collection":[{"href":"https:\/\/casvitrescantos.com\/en\/wp-json\/wp\/v2\/pages"}],"about":[{"href":"https:\/\/casvitrescantos.com\/en\/wp-json\/wp\/v2\/types\/page"}],"author":[{"embeddable":true,"href":"https:\/\/casvitrescantos.com\/en\/wp-json\/wp\/v2\/users\/1"}],"replies":[{"embeddable":true,"href":"https:\/\/casvitrescantos.com\/en\/wp-json\/wp\/v2\/comments?post=98884"}],"version-history":[{"count":2,"href":"https:\/\/casvitrescantos.com\/en\/wp-json\/wp\/v2\/pages\/98884\/revisions"}],"predecessor-version":[{"id":98887,"href":"https:\/\/casvitrescantos.com\/en\/wp-json\/wp\/v2\/pages\/98884\/revisions\/98887"}],"wp:attachment":[{"href":"https:\/\/casvitrescantos.com\/en\/wp-json\/wp\/v2\/media?parent=98884"}],"curies":[{"name":"wp","href":"https:\/\/api.w.org\/{rel}","templated":true}]}}